{"id":10858,"date":"2023-01-05T05:20:58","date_gmt":"2023-01-05T04:20:58","guid":{"rendered":"https:\/\/testgudie.es\/torremangana\/aviso-legal-y-politica-de-cancelaciones\/"},"modified":"2023-11-11T00:07:14","modified_gmt":"2023-11-10T23:07:14","slug":"aviso-legal-y-politica-de-cancelaciones-de","status":"publish","type":"page","link":"https:\/\/hoteltorremangana.com\/de\/aviso-legal-y-politica-de-cancelaciones-de\/","title":{"rendered":"Rechtliche Hinweise und Widerrufsbelehrung"},"content":{"rendered":"\t\t<div data-elementor-type=\"wp-page\" data-elementor-id=\"10858\" class=\"elementor elementor-10858 elementor-10825\">\n\t\t\t\t\t\t\t\t\t<section class=\"elementor-section elementor-top-section elementor-element elementor-element-b3f7ebf elementor-section-content-middle elementor-section-stretched elementor-section-boxed elementor-section-height-default elementor-section-height-default\" data-id=\"b3f7ebf\" data-element_type=\"section\" data-settings=\"{&quot;stretch_section&quot;:&quot;section-stretched&quot;,&quot;background_background&quot;:&quot;classic&quot;}\">\n\t\t\t\t\t\t\t<div class=\"elementor-background-overlay\"><\/div>\n\t\t\t\t\t\t\t<div class=\"elementor-container elementor-column-gap-default\">\n\t\t\t\t\t<div class=\"elementor-column elementor-col-100 elementor-top-column elementor-element elementor-element-439f7b7\" data-id=\"439f7b7\" data-element_type=\"column\">\n\t\t\t<div class=\"elementor-widget-wrap elementor-element-populated\">\n\t\t\t\t\t\t\t\t<div class=\"elementor-element elementor-element-b347a1c elementor-widget elementor-widget-heading\" data-id=\"b347a1c\" data-element_type=\"widget\" data-widget_type=\"heading.default\">\n\t\t\t\t<div class=\"elementor-widget-container\">\n\t\t\t<style>\/*! elementor - v3.9.2 - 21-12-2022 *\/\n.elementor-heading-title{padding:0;margin:0;line-height:1}.elementor-widget-heading .elementor-heading-title[class*=elementor-size-]>a{color:inherit;font-size:inherit;line-height:inherit}.elementor-widget-heading .elementor-heading-title.elementor-size-small{font-size:15px}.elementor-widget-heading .elementor-heading-title.elementor-size-medium{font-size:19px}.elementor-widget-heading .elementor-heading-title.elementor-size-large{font-size:29px}.elementor-widget-heading .elementor-heading-title.elementor-size-xl{font-size:39px}.elementor-widget-heading .elementor-heading-title.elementor-size-xxl{font-size:59px}<\/style><h2 class=\"elementor-heading-title elementor-size-default\">Rechtliche Hinweise und Widerrufsbelehrung<\/h2>\t\t<\/div>\n\t\t\t\t<\/div>\n\t\t\t\t\t<\/div>\n\t\t<\/div>\n\t\t\t\t\t\t\t<\/div>\n\t\t<\/section>\n\t\t\t\t<section class=\"elementor-section elementor-top-section elementor-element elementor-element-7347854 elementor-section-stretched elementor-section-boxed elementor-section-height-default elementor-section-height-default\" data-id=\"7347854\" data-element_type=\"section\" data-settings=\"{&quot;stretch_section&quot;:&quot;section-stretched&quot;,&quot;background_background&quot;:&quot;classic&quot;}\">\n\t\t\t\t\t\t\t<div class=\"elementor-background-overlay\"><\/div>\n\t\t\t\t\t\t\t<div class=\"elementor-container elementor-column-gap-default\">\n\t\t\t\t\t<div class=\"elementor-column elementor-col-100 elementor-top-column elementor-element elementor-element-c5ae6ef\" data-id=\"c5ae6ef\" data-element_type=\"column\" data-settings=\"{&quot;background_background&quot;:&quot;classic&quot;}\">\n\t\t\t<div class=\"elementor-widget-wrap elementor-element-populated\">\n\t\t\t\t\t<div class=\"elementor-background-overlay\"><\/div>\n\t\t\t\t\t\t\t\t<div class=\"elementor-element elementor-element-ae274ba elementor-widget elementor-widget-heading\" data-id=\"ae274ba\" data-element_type=\"widget\" data-widget_type=\"heading.default\">\n\t\t\t\t<div class=\"elementor-widget-container\">\n\t\t\t<h5 class=\"elementor-heading-title elementor-size-default\">AVISO LEGAL<\/h5>\t\t<\/div>\n\t\t\t\t<\/div>\n\t\t\t\t<div class=\"elementor-element elementor-element-4d0e4b6 elementor-widget elementor-widget-text-editor\" data-id=\"4d0e4b6\" data-element_type=\"widget\" data-widget_type=\"text-editor.default\">\n\t\t\t\t<div class=\"elementor-widget-container\">\n\t\t\t<style>\/*! elementor - v3.9.2 - 21-12-2022 *\/\n.elementor-widget-text-editor.elementor-drop-cap-view-stacked .elementor-drop-cap{background-color:#818a91;color:#fff}.elementor-widget-text-editor.elementor-drop-cap-view-framed .elementor-drop-cap{color:#818a91;border:3px solid;background-color:transparent}.elementor-widget-text-editor:not(.elementor-drop-cap-view-default) .elementor-drop-cap{margin-top:8px}.elementor-widget-text-editor:not(.elementor-drop-cap-view-default) .elementor-drop-cap-letter{width:1em;height:1em}.elementor-widget-text-editor .elementor-drop-cap{float:left;text-align:center;line-height:1;font-size:50px}.elementor-widget-text-editor .elementor-drop-cap-letter{display:inline-block}<\/style>\t\t\t\t<p><strong>1. Condiciones generales: <\/strong><br \/>Esta nota legal contiene las condiciones que regulan el uso y acceso al sitio web www.hoteltorremangana.com (en adelante sitio o web) y las responsabilidades derivadas de su utilizaci\u00f3n, en cumplimiento con la Ley 34\/2002, de 11 de julio, de Servicios de la Sociedad de la Informaci\u00f3n y el Comercio Electr\u00f3nico (en adelante, LSSI). Se entender\u00e1 que el acceso o la mera utilizaci\u00f3n del sitio web por parte del usuario implica la adhesi\u00f3n del mismo a todas las condiciones que Promociones Conquenses, S.A, en adelante, HOTEL TORREMANGANA tenga publicadas en ese momento en la web. Se informa a los usuarios que el HOTEL TORREMANGANA respeta la legislaci\u00f3n vigente en materia de protecci\u00f3n de datos personales, la privacidad de los usuarios y el secreto y seguridad de sus datos personales, adoptando para ello las medidas t\u00e9cnicas y organizativas necesarias para evitar la p\u00e9rdida, el mal uso, la alteraci\u00f3n, el acceso no autorizado y el robo de los datos personales facilitados.<\/p>\n<p><strong>2. Titular<\/strong>:<br \/>El titular de este sitio web es: <br \/><strong>Promociones Conquenses, S.A<br \/>A-16005886<br \/>Inscrita en el Registro Mercantil de Cuenca, tomo 9, General 8, Secci\u00f3n 3\u00aa, Libro de Sociedades, folio 171, hoja n.\u00ba 260 inscripcion 1\u00aa.<\/p>\n<p>C\/ San Ignacio de Loyola, 9 <br \/>16002 &#8211; Cuenca<br \/>Tel\u00e9fono: 969 24 08 33<\/strong><\/p>\n<p><strong>3. Objeto<\/strong>:<br \/>El objetivo de este sitio es informar de la actividad y servicios que desarrolla y ofrece HOTEL TORREMANGANA as\u00ed como la contrataci\u00f3n de los servicios ofrecidos a trav\u00e9s del motor de reservas.<\/p>\n\t\t\t\t\t\t<\/div>\n\t\t\t\t<\/div>\n\t\t\t\t<div class=\"elementor-element elementor-element-63bc596 elementor-widget elementor-widget-heading\" data-id=\"63bc596\" data-element_type=\"widget\" data-widget_type=\"heading.default\">\n\t\t\t\t<div class=\"elementor-widget-container\">\n\t\t\t<h5 class=\"elementor-heading-title elementor-size-default\"><strong>4. POL\u00cdTICA DE CANCELACI\u00d3N DE RESERVAS<\/strong>:<\/h5>\t\t<\/div>\n\t\t\t\t<\/div>\n\t\t\t\t<div class=\"elementor-element elementor-element-c655756 elementor-widget elementor-widget-text-editor\" data-id=\"c655756\" data-element_type=\"widget\" data-widget_type=\"text-editor.default\">\n\t\t\t\t<div class=\"elementor-widget-container\">\n\t\t\t\t\t\t\t<ul>\n \t<li><strong>Si cancela o modifica la reserva hasta 1 d\u00eda antes de la fecha de llegada, el establecimiento no efectuar\u00e1 cargo alguno.<\/strong><\/li>\n \t<li><strong> Si cancela o modifica la reserva fuera de plazo o no se presenta, el establecimiento cargar\u00e1 el 100 % de la primera noche.<\/strong><\/li>\n<\/ul>\n\n<strong>Puede acceder a la Plataforma de Resoluci\u00f3n de Litigios en L\u00ednea pulsando aqu\u00ed: <a href=\"https:\/\/ec.europa.eu\/consumers\/odr\/main\/index.cfm?event=main.home.show&amp;lng=ES\" target=\"_blank\" rel=\"noopener\">https:\/\/ec.europa.eu\/consumers\/odr\/main\/index.cfm?event=main.home.show&amp;lng=ES<\/a><\/strong>\t\t\t\t\t\t<\/div>\n\t\t\t\t<\/div>\n\t\t\t\t<div class=\"elementor-element elementor-element-fc74ac2 elementor-widget elementor-widget-text-editor\" data-id=\"fc74ac2\" data-element_type=\"widget\" data-widget_type=\"text-editor.default\">\n\t\t\t\t<div class=\"elementor-widget-container\">\n\t\t\t\t\t\t\t<p><strong>  5. Derechos de<\/strong> <strong> Propiedad Intelectual e Industrial<\/strong>:<br>La totalidad de este sitio web: descripci\u00f3n y caracter\u00edsticas, texto, im\u00e1genes, marcas, logotipos, botones, archivos de software, as\u00ed como la estructura, selecci\u00f3n, ordenaci\u00f3n y presentaci\u00f3n de sus contenidos se encuentra protegido por las Leyes espa\u00f1olas e internacionales sobre propiedad Intelectual e Industrial. En ning\u00fan caso el acceso por parte de terceros a dicho sitio implica alg\u00fan tipo de renuncia, transmisi\u00f3n o cesi\u00f3n total o parcial de los derechos otorgados por la legislaci\u00f3n espa\u00f1ola e internacional sobre propiedad Intelectual e Industrial. <br>Quedan prohibidos la reproducci\u00f3n (excepto la descarga temporal desde el sitio web al disco duro del ordenador del usuario o a los servidores proxy), la copia, el uso, la distribuci\u00f3n, la reutilizaci\u00f3n, la explotaci\u00f3n, la realizaci\u00f3n de segundas copias, el env\u00edo por correo, la transmisi\u00f3n, la modificaci\u00f3n, la cesi\u00f3n o cualquier otro acto que se haga con la totalidad o parte de la informaci\u00f3n contenida en esta web que no haya sido expresamente autorizado por el titular. El usuario se obliga a usar los contenidos de forma diligente, correcta y l\u00edcita y, en particular, se compromete a abstenerse de suprimir, eludir o manipular el \u201ccopyright\u201d y dem\u00e1s datos identificativos de los derechos de HOTEL TORREMANGANA o de sus titulares incorporados a los contenidos, as\u00ed como los dispositivos t\u00e9cnicos de protecci\u00f3n o cualesquiera mecanismos de informaci\u00f3n que pudieran incluirse en los contenidos. www.hoteltorremangana.com es un dominio registrado por HOTEL TORREMANGANA. El dominio no puede ser utilizado, salvo autorizaci\u00f3n expresa previa, en conexi\u00f3n con otros servicios que no sean de la empresa de ninguna manera que pueda causar confusi\u00f3n entre nuestros clientes o descr\u00e9dito de HOTEL TORREMANGANA<\/p><p><br><\/p>\n<p><strong>6. Acceso: <\/strong><br>Los usuarios podr\u00e1n acceder al sitio de forma libre y gratuita. Al acceder a esta web se acepta que HOTEL TORREMANGANA no ser\u00e1 responsable de consecuencia alguna, da\u00f1o o perjuicio que se deriven de dicho acceso o uso de la informaci\u00f3n de dicho web o por el acceso a otras materias en Internet a trav\u00e9s de las conexiones con esta web.<\/p><p><br><\/p>\n<p><strong>7. Pol\u00edtica de Confidencialidad y Protecci\u00f3n de Datos: <\/strong><br>Los datos identificativos y personales proporcionados en el marco del presente sitio web, v\u00eda formulario o v\u00eda e-mail, son confidenciales y formar\u00e1n parte de los ficheros titularidad de HOTEL TORREMANGANA y ser\u00e1n tratados por parte de \u00e9ste de acuerdo con la legislaci\u00f3n vigente en materia de protecci\u00f3n de datos personales. Al mismo tiempo, los usuarios autorizan expresamente a HOTEL TORREMANGANA a enviarles informaci\u00f3n respecto de novedades en el \u00e1mbito de los servicios prestados por la misma. En el supuesto de que no desearan recibir la mencionada informaci\u00f3n bastar\u00e1 con notificarlo v\u00eda e-mail en cualquier momento. En el momento de la aceptaci\u00f3n de las presentes condiciones generales, HOTEL TORREMANGANA precisar\u00e1 del usuario la recogida de unos datos imprescindibles para la prestaci\u00f3n de sus servicios. <br>Los datos personales recogidos ser\u00e1n objeto de tratamiento automatizado e incorporados por HOTEL TORREMANGANA a los correspondientes ficheros automatizados, siendo HOTEL TORREMANGANA, responsable de dichos ficheros, inscritos en el Registro General de Protecci\u00f3n de Datos de la Agencia Espa\u00f1ola de Protecci\u00f3n de Datos. Los datos introducidos en los formularios por el usuario deber\u00e1n ser datos verdaderos, exactos, completos y actuales.<br>El Responsable del Fichero, o, en su caso, el Encargado del Tratamiento llevar\u00e1n a cabo las medidas de seguridad necesarias para comprobar la identidad del usuario. Pero, en el caso de que la persona que introduzca los datos sea diferente de la que se vaya a declarar como usuario, se entender\u00e1 que tiene consentimiento expreso del usuario para ello y que \u00e9ste nos otorga autorizaci\u00f3n para realizar el tratamiento anteriormente descrito. El usuario ser\u00e1 el \u00fanico responsable de cualquier da\u00f1o o perjuicio, directo o indirecto que pudiera ocasionar a cualquier persona a causa de la cumplimentaci\u00f3n del formulario con datos falsos, inexactos, incompletos o no actualizados. <br>El titular de los datos de car\u00e1cter personal tendr\u00e1 los derechos de oposici\u00f3n, acceso, rectificaci\u00f3n y cancelaci\u00f3n respecto a cuantos datos suyos existan almacenados en la base de datos de HOTEL TORREMANGANA. Dichos derechos podr\u00e1n ser ejercitados a trav\u00e9s de cualquier medio de comunicaci\u00f3n, siempre que quede constancia de ello, frente a HOTEL TORREMANGANA, San Ignacio de Loyola, 9 16002 Cuenca con CIF B-XXXXXXXX, adjuntando fotocopia de DNI del titular de los datos o v\u00eda e-mail. En el caso de representaci\u00f3n, deber\u00e1 probarse la misma mediante las formas admitidas en Derecho. HOTEL TORREMANGANA se reserva el derecho de modificar su pol\u00edtica de confidencialidad y de protecci\u00f3n de datos como consecuencia de un cambio legislativo, jurisprudencial o de pr\u00e1ctica empresarial. Si se produjera alguna modificaci\u00f3n, el nuevo texto ser\u00e1 publicado en esta p\u00e1gina, donde los usuarios podr\u00e1n tener acceso a la pol\u00edtica actual en materia de confidencialidad y protecci\u00f3n de datos. En cada caso, la relaci\u00f3n con los usuarios se regir\u00e1 por las normas previstas en el momento preciso en que se accede a la web.<\/p>\n<p><br><\/p>\n<p><strong>8. Responsabilidad y Obligaciones:<br><\/strong><br>8.1. Responsabilidad en cuanto al contenido <br>El contenido de este sitio web es de car\u00e1cter general, con una finalidad y efectos exclusivamente informativos de nuestros servicios y de nuestra actividad empresarial. HOTEL TORREMANGANA se exime de cualquier responsabilidad respecto a cualquier decisi\u00f3n adoptada por el usuario del sitio web. HOTEL TORREMANGANA rechaza la responsabilidad sobre cualquier informaci\u00f3n no elaborada por el Centro o no publicada de forma autorizada por \u00e9l bajo su nombre, al igual que la responsabilidad que se derive de la mala utilizaci\u00f3n de los contenidos. Igualmente, en relaci\u00f3n con los contenidos, HOTEL TORREMANGANA se reserva el derecho a actualizarlos, eliminarlos, limitarlos o impedir el acceso a ellos, de manera temporal o definitiva.<\/p><p><br><\/p>\n<p>8.2. Responsabilidad respecto a los enlaces a otras p\u00e1ginas webs (links) <br>Los enlaces introducidos en www.hoteltorremangana.com son de car\u00e1cter meramente informativo y, por tanto, HOTEL TORREMANGANA no controla ni verifica ninguna informaci\u00f3n, contenido, productos o servicios facilitados a trav\u00e9s de estos sitios web. En consecuencia, HOTEL TORREMANGANA declina cualquier tipo de responsabilidad por cualquier aspecto, en especial el contenido, relativo a las p\u00e1ginas de enlace. Estos enlaces a otras p\u00e1ginas, as\u00ed como a los productos o servicios por ellas ofrecidos no implica respaldo, patrocinio o recomendaci\u00f3n por parte de HOTEL TORREMANGANA.<\/p><p><br><\/p>\n<p>8.3. Responsabilidad en el supuesto en que esta p\u00e1gina sea el destino del enlace introducido en otra p\u00e1gina <br>Por lo que se refiere a los enlaces establecidos por otras p\u00e1ginas con destino al sitio de HOTEL TORREMANGANA deber\u00e1 atenerse a las siguientes estipulaciones: \u2022 Deber\u00e1 solicitar autorizaci\u00f3n previamente a la realizaci\u00f3n del enlace y deber\u00e1 constar de forma expresa su otorgamiento.&nbsp;<\/p>\n<ul>\n<li>El enlace debe ser absoluto y completo, es decir, debe llevar al usuario a la propia direcci\u00f3n de HOTEL TORREMANGANA y debe abarcar completamente toda la extensi\u00f3n de la pantalla de la p\u00e1gina inicial. En ning\u00fan caso, salvo autorizaci\u00f3n expresa y por escrito de HOTEL TORREMANGANA, la p\u00e1gina que realice el enlace podr\u00e1 reproducir de cualquier manera el sitio web de HOTEL TORREMANGANA, incluirlo como parte de su web o dentro de uno de sus \u201cframes\u201d o crear un \u201cbrowser\u201d sobre cualquiera de las p\u00e1ginas del web.<\/li>\n<li>No se dar\u00e1 ning\u00fan tipo de indicaci\u00f3n err\u00f3nea o incorrecta acerca de la p\u00e1gina de HOTEL TORREMANGANA.<\/li>\n<li>Si se quisiera hacer constar alg\u00fan signo distintivo de HOTEL TORREMANGANA, como marcas, logotipos y denominaci\u00f3n, deber\u00e1 contar con la autorizaci\u00f3n por escrito.<\/li>\n<li>El Titular de la p\u00e1gina que ofrece el enlace deber\u00e1 actuar de buena fe y no pretender\u00e1 afectar negativamente a la reputaci\u00f3n o buen nombre de HOTEL TORREMANGANA.<\/li>\n<li>Se proh\u00edbe, salvo autorizaci\u00f3n expresa de HOTEL TORREMANGANA, dar de alta los elementos de texto de la marca o del logotipo, el nombre de dominio o la denominaci\u00f3n social de HOTEL TORREMANGANA, como palabra clave (\u201cmetatags\u201d o \u201cmetanames\u201d) para la b\u00fasqueda de sitios webs realizada a trav\u00e9s de buscadores. HOTEL TORREMANGANA no asume ning\u00fan tipo de responsabilidad por cualquier aspecto relativo a la p\u00e1gina web que ofrece el enlace.<\/li>\n<\/ul>\n<p><strong>8.4. Responsabilidad aspectos t\u00e9cnicos<\/strong>:  <br>HOTEL TORREMANGANA har\u00e1 todo lo posible por dar un servicio estable y duradero, pero en ning\u00fan caso garantiza la continuidad del funcionamiento ni la operatividad y disponibilidad del sitio web por causas ajenas a su responsabilidad. HOTEL TORREMANGANA no se hace responsable de los da\u00f1os y perjuicios directos o indirectos, incluidos da\u00f1os a sistemas inform\u00e1ticos e introducci\u00f3n de virus existentes en la red, derivados de la navegaci\u00f3n por Internet necesaria para el uso de este sitio web. Por este motivo, en ning\u00fan caso se indemnizar\u00e1 por posibles problemas debidos al mal funcionamiento del sistema.<\/p><p><br><\/p>\n<p><strong>8.5. Obligaciones de los usuarios<\/strong>:  <br>El usuario responder\u00e1 de los da\u00f1os y perjuicios que HOTEL TORREMANGANA pueda sufrir como consecuencia del incumplimiento, por su parte, de cualquiera de las obligaciones determinadas en esta nota legal. El usuario responder\u00e1, en cualquier caso, de la veracidad de los datos facilitados, reserv\u00e1ndose HOTEL TORREMANGANA el derecho a excluir de los servicios registrados a todo usuario que haya facilitado datos falsos y a rescindir el contrato de seguro solicitado, sin perjuicio de las dem\u00e1s acciones que procedan en Derecho. El usuario no podr\u00e1 usar este servicio para transmitir cualquier clase de material ilegal, amenazante, difamatorio o cualquier otro tipo de material considerado ofensivo. De la misma forma, no podr\u00e1 hacer uso incorrecto de los contenidos de HOTEL TORREMANGANA, utilizarlos con fines distintos a los previstos, reproduci\u00e9ndolos, modific\u00e1ndolos o transform\u00e1ndolos. Cualquier informaci\u00f3n obtenida en el sitio de HOTEL TORREMANGANA y mostrado en una p\u00e1gina externa, deber\u00e1 mostrarse indicando debidamente la fuente, es decir, el nombre del sitio y el enlace o p\u00e1gina de donde se ha obtenido la informaci\u00f3n. Respecto a la navegaci\u00f3n, el usuario se compromete a observar diligente y fielmente las recomendaciones que en su momento establezca HOTEL TORREMANGANA relativa al uso del sitio. A estos efectos HOTEL TORREMANGANA se dirigir\u00e1 a los usuarios mediante cualquier medio de comunicaci\u00f3n a trav\u00e9s del sitio web.<\/p><p><br><\/p>\n<p><strong>9. Duraci\u00f3n y Modificaci\u00f3n:<\/strong><br>HOTEL TORREMANGANA tendr\u00e1 derecho a modificar unilateralmente los t\u00e9rminos y condiciones aqu\u00ed estipuladas, de forma total o parcial. Cualquier cambio aparecer\u00e1, y se pondr\u00e1 en conocimiento de los usuarios, de la misma forma en que se encuentran en esta nota legal. La vigencia temporal de esta nota legal coincide, por lo tanto, con el tiempo de su exposici\u00f3n, hasta el momento en que sean modificadas de forma total o parcial por HOTEL TORREMANGANA. HOTEL TORREMANGANA podr\u00e1 dar por terminada, suspender o interrumpir unilateralmente la operatividad de este sitio web, sin posibilidad de solicitar indemnizaci\u00f3n alguna por parte del usuario. Tras dicha extinci\u00f3n, el usuario deber\u00e1 destruir cualquier informaci\u00f3n sobre HOTEL TORREMANGANA que posea en cualquier formato y que haya obtenido a trav\u00e9s del sitio o a trav\u00e9s de las comunicaciones realizadas de forma individual al usuario por la misma. HOTEL TORREMANGANA no tendr\u00e1 ninguna obligaci\u00f3n de mantener contenido alguno ni de reenviar ning\u00fan mensaje no le\u00eddo o no enviado ni al usuario ni a un tercero.<\/p><p><br><\/p>\n<p><strong>10. Legislaci\u00f3n y Jurisdicci\u00f3n:<\/strong><br>Estas condiciones de uso se rigen por la legislaci\u00f3n espa\u00f1ola. Las condiciones que aparecen en esta web est\u00e1n en todo caso sometidas a las Leyes y Tribunales espa\u00f1oles. En caso de controversias entre el usuario y HOTEL TORREMANGANA, las partes expresamente pactan y acuerdan, respecto de la prestaci\u00f3n del servicio, con renuncia expresa a cualquier otro fuero, su sometimiento a los Tribunales y Juzgados de Cuenca (Castilla-La Mancha).<\/p>\t\t\t\t\t\t<\/div>\n\t\t\t\t<\/div>\n\t\t\t\t\t<\/div>\n\t\t<\/div>\n\t\t\t\t\t\t\t<\/div>\n\t\t<\/section>\n\t\t\t\t\t\t\t<\/div>\n\t\t","protected":false},"excerpt":{"rendered":"<p>Rechtliche Hinweise und Widerrufsbelehrung AVISO LEGAL 1. Condiciones generales: Esta nota legal contiene las condiciones que regulan el uso y acceso al sitio web www.hoteltorremangana.com (en adelante sitio o web) y las responsabilidades derivadas de su utilizaci\u00f3n, en cumplimiento con la Ley 34\/2002, de 11 de julio, de Servicios de la Sociedad de la Informaci\u00f3n [&hellip;]<\/p>\n","protected":false},"author":1,"featured_media":0,"parent":0,"menu_order":0,"comment_status":"closed","ping_status":"closed","template":"","meta":[],"aioseo_notices":[],"_links":{"self":[{"href":"https:\/\/hoteltorremangana.com\/de\/wp-json\/wp\/v2\/pages\/10858"}],"collection":[{"href":"https:\/\/hoteltorremangana.com\/de\/wp-json\/wp\/v2\/pages"}],"about":[{"href":"https:\/\/hoteltorremangana.com\/de\/wp-json\/wp\/v2\/types\/page"}],"author":[{"embeddable":true,"href":"https:\/\/hoteltorremangana.com\/de\/wp-json\/wp\/v2\/users\/1"}],"replies":[{"embeddable":true,"href":"https:\/\/hoteltorremangana.com\/de\/wp-json\/wp\/v2\/comments?post=10858"}],"version-history":[{"count":11,"href":"https:\/\/hoteltorremangana.com\/de\/wp-json\/wp\/v2\/pages\/10858\/revisions"}],"predecessor-version":[{"id":12080,"href":"https:\/\/hoteltorremangana.com\/de\/wp-json\/wp\/v2\/pages\/10858\/revisions\/12080"}],"wp:attachment":[{"href":"https:\/\/hoteltorremangana.com\/de\/wp-json\/wp\/v2\/media?parent=10858"}],"curies":[{"name":"wp","href":"https:\/\/api.w.org\/{rel}","templated":true}]}}